{"id":13,"date":"2024-07-29T11:36:56","date_gmt":"2024-07-29T14:36:56","guid":{"rendered":"http:\/\/limp.cl.portalesdenegocios.cl\/?page_id=13"},"modified":"2024-08-26T17:29:52","modified_gmt":"2024-08-26T20:29:52","slug":"quienes-somos","status":"publish","type":"page","link":"https:\/\/www.limp.cl\/index.php\/quienes-somos\/","title":{"rendered":"Qui\u00e9nes somos"},"content":{"rendered":"<p>[et_pb_section fb_built=\u00bb1&#8243; next_background_color=\u00bb#ffffff\u00bb _builder_version=\u00bb4.24.2&#8243; _module_preset=\u00bbdefault\u00bb use_background_color_gradient=\u00bbon\u00bb background_color_gradient_stops=\u00bbrgba(87,111,168,0.8) 0%|rgba(87,111,168,0.41) 100%\u00bb background_color_gradient_overlays_image=\u00bbon\u00bb background_image=\u00bbhttps:\/\/www.limp.cl\/wp-content\/uploads\/2024\/08\/somos2.jpg\u00bb bottom_divider_style=\u00bbmountains2&#8243; bottom_divider_height=\u00bb74px\u00bb hover_enabled=\u00bb0&#8243; global_colors_info=\u00bb{}\u00bb title_text=\u00bbsomos2&#8243; sticky_enabled=\u00bb0&#8243;][et_pb_row column_structure=\u00bb1_2,1_2&#8243; _builder_version=\u00bb4.24.2&#8243; _module_preset=\u00bbdefault\u00bb custom_padding=\u00bb||88px|||\u00bb global_colors_info=\u00bb{}\u00bb][et_pb_column type=\u00bb1_2&#8243; _builder_version=\u00bb4.24.2&#8243; _module_preset=\u00bbdefault\u00bb global_colors_info=\u00bb{}\u00bb][et_pb_text _builder_version=\u00bb4.24.2&#8243; _module_preset=\u00bbdefault\u00bb text_font=\u00bbCaveat||||||||\u00bb text_text_color=\u00bb#063464&#8243; text_font_size=\u00bb22px\u00bb custom_margin=\u00bb||4px|||\u00bb global_colors_info=\u00bb{}\u00bb]<\/p>\n<p>Limp Facility Services S.A.<\/p>\n<p>[\/et_pb_text][et_pb_text _builder_version=\u00bb4.24.2&#8243; _module_preset=\u00bbdefault\u00bb header_font=\u00bbRoboto|700|||||||\u00bb header_text_color=\u00bb#FFFFFF\u00bb header_font_size=\u00bb36px\u00bb header_line_height=\u00bb1.2em\u00bb global_colors_info=\u00bb{}\u00bb]<\/p>\n<h1>Qui\u00e9nes somos<\/h1>\n<p>[\/et_pb_text][\/et_pb_column][et_pb_column type=\u00bb1_2&#8243; _builder_version=\u00bb4.24.2&#8243; _module_preset=\u00bbdefault\u00bb global_colors_info=\u00bb{}\u00bb][\/et_pb_column][\/et_pb_row][\/et_pb_section][et_pb_section fb_built=\u00bb1&#8243; _builder_version=\u00bb4.24.2&#8243; _module_preset=\u00bbdefault\u00bb global_colors_info=\u00bb{}\u00bb][et_pb_row column_structure=\u00bb1_2,1_2&#8243; _builder_version=\u00bb4.24.2&#8243; _module_preset=\u00bbdefault\u00bb global_colors_info=\u00bb{}\u00bb][et_pb_column type=\u00bb1_2&#8243; _builder_version=\u00bb4.24.2&#8243; _module_preset=\u00bbdefault\u00bb global_colors_info=\u00bb{}\u00bb][et_pb_image src=\u00bbhttps:\/\/www.limp.cl\/wp-content\/uploads\/2024\/07\/logo-limp-1.png\u00bb title_text=\u00bblogo-limp\u00bb align=\u00bbright\u00bb _builder_version=\u00bb4.24.2&#8243; _module_preset=\u00bbdefault\u00bb z_index=\u00bb500&#8243; custom_margin=\u00bb|-56px|-195px|28px|false|false\u00bb global_colors_info=\u00bb{}\u00bb][\/et_pb_image][et_pb_image src=\u00bbhttps:\/\/www.limp.cl\/wp-content\/uploads\/2024\/07\/IMG_0012-scaled.jpg\u00bb title_text=\u00bbIMG_0012&#8243; _builder_version=\u00bb4.24.2&#8243; _module_preset=\u00bbdefault\u00bb border_radii=\u00bbon|8px|8px|8px|8px\u00bb global_colors_info=\u00bb{}\u00bb][\/et_pb_image][\/et_pb_column][et_pb_column type=\u00bb1_2&#8243; _builder_version=\u00bb4.24.2&#8243; _module_preset=\u00bbdefault\u00bb global_colors_info=\u00bb{}\u00bb][et_pb_text _builder_version=\u00bb4.24.2&#8243; _module_preset=\u00bbdefault\u00bb text_font=\u00bbCaveat||||||||\u00bb text_text_color=\u00bb#06b0ee\u00bb text_font_size=\u00bb29px\u00bb custom_margin=\u00bb12px||20px||false|false\u00bb global_colors_info=\u00bb{}\u00bb]<\/p>\n<p>Estamos conectados con la excelencia<\/p>\n<p>[\/et_pb_text][et_pb_text _builder_version=\u00bb4.24.2&#8243; _module_preset=\u00bbdefault\u00bb text_font=\u00bbRoboto|300|||||||\u00bb text_line_height=\u00bb2em\u00bb global_colors_info=\u00bb{}\u00bb]<\/p>\n<p style=\"text-align: justify;\">Limp S.A. nace en octubre de 2015, formado por un grupo extenso de profesionales en todas las \u00e1reas de prestaci\u00f3n de servicios, fundamentalmente del \u00e1rea de Aseo Industrial, profesionales que tienen una trayectoria exitosa a lo largo de los a\u00f1os, pero que han optado por desarrollar un nuevo concepto de prestaci\u00f3n del servicio, basado en la cercan\u00eda al cliente y de prestaci\u00f3n de calidad en los servicios, con el foco en los desarrollos de mejora aportados por la tecnolog\u00eda y un tratamiento activo y proactivo del Recurso Humano, el principal activo de la compa\u00f1\u00eda.<\/p>\n<p>[\/et_pb_text][\/et_pb_column][\/et_pb_row][et_pb_row _builder_version=\u00bb4.24.2&#8243; _module_preset=\u00bbdefault\u00bb custom_padding=\u00bb0px|||||\u00bb global_colors_info=\u00bb{}\u00bb][et_pb_column type=\u00bb4_4&#8243; _builder_version=\u00bb4.24.2&#8243; _module_preset=\u00bbdefault\u00bb global_colors_info=\u00bb{}\u00bb][et_pb_text _builder_version=\u00bb4.24.2&#8243; _module_preset=\u00bbdefault\u00bb text_font=\u00bbRoboto|300|||||||\u00bb text_line_height=\u00bb2em\u00bb global_colors_info=\u00bb{}\u00bb]<\/p>\n<p style=\"text-align: justify;\">Limp S.A. Surge bajo un modelo escalable de sustentabilidad, respetando desde las pol\u00edticas de salud hasta el medio ambiente. Su gran fortaleza, la diversidad de soluciones, a trav\u00e9s de Limp S.A. Toda necesidad externalizable de un cliente, se puede abordar con eficiencia y eficacia. En Limp S.A. No pretendemos ser un subcontratista m\u00e1s, sino un aliado para sus clientes, colaborando con ellos en el logro de sus objetivos y siendo part\u00edcipes de sus \u00e9xitos.<\/p>\n<p>[\/et_pb_text][\/et_pb_column][\/et_pb_row][\/et_pb_section][et_pb_section fb_built=\u00bb1&#8243; _builder_version=\u00bb4.24.2&#8243; _module_preset=\u00bbdefault\u00bb background_color=\u00bb#063464&#8243; background_enable_pattern_style=\u00bbon\u00bb background_pattern_size=\u00bbcustom\u00bb background_pattern_width=\u00bb8px\u00bb custom_margin=\u00bb|4%||4%|false|true\u00bb border_radii=\u00bboff|12px|12px||\u00bb global_colors_info=\u00bb{}\u00bb][et_pb_row _builder_version=\u00bb4.24.2&#8243; _module_preset=\u00bbdefault\u00bb global_colors_info=\u00bb{}\u00bb][et_pb_column type=\u00bb4_4&#8243; _builder_version=\u00bb4.24.2&#8243; _module_preset=\u00bbdefault\u00bb global_colors_info=\u00bb{}\u00bb][et_pb_text _builder_version=\u00bb4.24.2&#8243; _module_preset=\u00bbdefault\u00bb text_font=\u00bbRoboto||||||||\u00bb text_text_color=\u00bb#FFFFFF\u00bb text_font_size=\u00bb20px\u00bb global_colors_info=\u00bb{}\u00bb]<\/p>\n<p style=\"text-align: center;\">Para cumplir nuestros objetivos, el Modus Operandi implementado es:<\/p>\n<p>[\/et_pb_text][\/et_pb_column][\/et_pb_row][et_pb_row column_structure=\u00bb1_6,1_6,1_6,1_6,1_6,1_6&#8243; use_custom_gutter=\u00bbon\u00bb gutter_width=\u00bb2&#8243; _builder_version=\u00bb4.24.2&#8243; _module_preset=\u00bbdefault\u00bb global_colors_info=\u00bb{}\u00bb][et_pb_column type=\u00bb1_6&#8243; _builder_version=\u00bb4.24.2&#8243; _module_preset=\u00bbdefault\u00bb global_colors_info=\u00bb{}\u00bb][et_pb_blurb title=\u00bb1.- An\u00e1lisis del Servicio.\u00bb use_icon=\u00bbon\u00bb font_icon=\u00bb&#x4e;||divi||400&#8243; icon_color=\u00bb#FFFFFF\u00bb image_icon_background_color=\u00bb#06b0ee\u00bb image_icon_width=\u00bb30px\u00bb _builder_version=\u00bb4.24.2&#8243; _module_preset=\u00bbdefault\u00bb header_font=\u00bbRoboto||||||||\u00bb header_text_align=\u00bbcenter\u00bb header_text_color=\u00bb#FFFFFF\u00bb header_font_size=\u00bb16px\u00bb header_line_height=\u00bb1.4em\u00bb image_icon_custom_padding=\u00bb4px|4px|4px|4px|true|true\u00bb border_radii_image=\u00bbon|22px|22px|22px|22px\u00bb global_colors_info=\u00bb{}\u00bb][\/et_pb_blurb][\/et_pb_column][et_pb_column type=\u00bb1_6&#8243; _builder_version=\u00bb4.24.2&#8243; _module_preset=\u00bbdefault\u00bb global_colors_info=\u00bb{}\u00bb][et_pb_blurb title=\u00bb2.- Elaboraci\u00f3n del Estudio T\u00e9cnico.\u00bb use_icon=\u00bbon\u00bb font_icon=\u00bb&#x4e;||divi||400&#8243; icon_color=\u00bb#FFFFFF\u00bb image_icon_background_color=\u00bb#06b0ee\u00bb image_icon_width=\u00bb30px\u00bb _builder_version=\u00bb4.24.2&#8243; _module_preset=\u00bbdefault\u00bb header_font=\u00bbRoboto||||||||\u00bb header_text_align=\u00bbcenter\u00bb header_text_color=\u00bb#FFFFFF\u00bb header_font_size=\u00bb16px\u00bb header_line_height=\u00bb1.4em\u00bb image_icon_custom_padding=\u00bb4px|4px|4px|4px|true|true\u00bb border_radii_image=\u00bbon|22px|22px|22px|22px\u00bb global_colors_info=\u00bb{}\u00bb][\/et_pb_blurb][\/et_pb_column][et_pb_column type=\u00bb1_6&#8243; _builder_version=\u00bb4.24.2&#8243; _module_preset=\u00bbdefault\u00bb global_colors_info=\u00bb{}\u00bb][et_pb_blurb title=\u00bb3.- Implementaci\u00f3n.\u00bb use_icon=\u00bbon\u00bb font_icon=\u00bb&#x4e;||divi||400&#8243; icon_color=\u00bb#FFFFFF\u00bb image_icon_background_color=\u00bb#06b0ee\u00bb image_icon_width=\u00bb30px\u00bb _builder_version=\u00bb4.24.2&#8243; _module_preset=\u00bbdefault\u00bb header_font=\u00bbRoboto||||||||\u00bb header_text_align=\u00bbcenter\u00bb header_text_color=\u00bb#FFFFFF\u00bb header_font_size=\u00bb16px\u00bb header_line_height=\u00bb1.4em\u00bb image_icon_custom_padding=\u00bb4px|4px|4px|4px|true|true\u00bb border_radii_image=\u00bbon|22px|22px|22px|22px\u00bb global_colors_info=\u00bb{}\u00bb][\/et_pb_blurb][\/et_pb_column][et_pb_column type=\u00bb1_6&#8243; _builder_version=\u00bb4.24.2&#8243; _module_preset=\u00bbdefault\u00bb global_colors_info=\u00bb{}\u00bb][et_pb_blurb title=\u00bb4.- Seguimiento y Control de Calidad.\u00bb use_icon=\u00bbon\u00bb font_icon=\u00bb&#x4e;||divi||400&#8243; icon_color=\u00bb#FFFFFF\u00bb image_icon_background_color=\u00bb#06b0ee\u00bb image_icon_width=\u00bb30px\u00bb _builder_version=\u00bb4.24.2&#8243; _module_preset=\u00bbdefault\u00bb header_font=\u00bbRoboto||||||||\u00bb header_text_align=\u00bbcenter\u00bb header_text_color=\u00bb#FFFFFF\u00bb header_font_size=\u00bb16px\u00bb header_line_height=\u00bb1.4em\u00bb image_icon_custom_padding=\u00bb4px|4px|4px|4px|true|true\u00bb border_radii_image=\u00bbon|22px|22px|22px|22px\u00bb global_colors_info=\u00bb{}\u00bb][\/et_pb_blurb][\/et_pb_column][et_pb_column type=\u00bb1_6&#8243; _builder_version=\u00bb4.24.2&#8243; _module_preset=\u00bbdefault\u00bb global_colors_info=\u00bb{}\u00bb][et_pb_blurb title=\u00bb5.- An\u00e1lisis de Resultados.\u00bb use_icon=\u00bbon\u00bb font_icon=\u00bb&#x4e;||divi||400&#8243; icon_color=\u00bb#FFFFFF\u00bb image_icon_background_color=\u00bb#06b0ee\u00bb image_icon_width=\u00bb30px\u00bb _builder_version=\u00bb4.24.2&#8243; _module_preset=\u00bbdefault\u00bb header_font=\u00bbRoboto||||||||\u00bb header_text_align=\u00bbcenter\u00bb header_text_color=\u00bb#FFFFFF\u00bb header_font_size=\u00bb16px\u00bb header_line_height=\u00bb1.4em\u00bb image_icon_custom_padding=\u00bb4px|4px|4px|4px|true|true\u00bb border_radii_image=\u00bbon|22px|22px|22px|22px\u00bb global_colors_info=\u00bb{}\u00bb][\/et_pb_blurb][\/et_pb_column][et_pb_column type=\u00bb1_6&#8243; _builder_version=\u00bb4.24.2&#8243; _module_preset=\u00bbdefault\u00bb global_colors_info=\u00bb{}\u00bb][et_pb_blurb title=\u00bb6.- Mejora Continua.\u00bb use_icon=\u00bbon\u00bb font_icon=\u00bb&#x4e;||divi||400&#8243; icon_color=\u00bb#FFFFFF\u00bb image_icon_background_color=\u00bb#06b0ee\u00bb image_icon_width=\u00bb30px\u00bb _builder_version=\u00bb4.24.2&#8243; _module_preset=\u00bbdefault\u00bb header_font=\u00bbRoboto||||||||\u00bb header_text_align=\u00bbcenter\u00bb header_text_color=\u00bb#FFFFFF\u00bb header_font_size=\u00bb16px\u00bb header_line_height=\u00bb1.4em\u00bb image_icon_custom_padding=\u00bb4px|4px|4px|4px|true|true\u00bb border_radii_image=\u00bbon|22px|22px|22px|22px\u00bb global_colors_info=\u00bb{}\u00bb][\/et_pb_blurb][\/et_pb_column][\/et_pb_row][\/et_pb_section][et_pb_section fb_built=\u00bb1&#8243; _builder_version=\u00bb4.24.2&#8243; _module_preset=\u00bbdefault\u00bb global_colors_info=\u00bb{}\u00bb][et_pb_row column_structure=\u00bb1_2,1_2&#8243; _builder_version=\u00bb4.24.2&#8243; _module_preset=\u00bbdefault\u00bb global_colors_info=\u00bb{}\u00bb][et_pb_column type=\u00bb1_2&#8243; _builder_version=\u00bb4.24.2&#8243; _module_preset=\u00bbdefault\u00bb global_colors_info=\u00bb{}\u00bb][et_pb_image src=\u00bbhttps:\/\/www.limp.cl\/wp-content\/uploads\/2024\/08\/Lamina-hacer-una-similar-los-textos-estan-en-la-pauta-digitados-2.jpg\u00bb title_text=\u00bbLamina &#8211; hacer una similar los textos estan en la pauta digitados (2)\u00bb _builder_version=\u00bb4.24.2&#8243; _module_preset=\u00bbdefault\u00bb global_colors_info=\u00bb{}\u00bb][\/et_pb_image][\/et_pb_column][et_pb_column type=\u00bb1_2&#8243; _builder_version=\u00bb4.24.2&#8243; _module_preset=\u00bbdefault\u00bb global_colors_info=\u00bb{}\u00bb][et_pb_image src=\u00bbhttps:\/\/www.limp.cl\/wp-content\/uploads\/2024\/08\/Lamina-hacer-una-similar-los-textos-estan-en-la-pauta-digitados.jpg\u00bb title_text=\u00bbLamina &#8211; hacer una similar los textos estan en la pauta digitados\u00bb _builder_version=\u00bb4.24.2&#8243; _module_preset=\u00bbdefault\u00bb global_colors_info=\u00bb{}\u00bb][\/et_pb_image][\/et_pb_column][\/et_pb_row][\/et_pb_section][et_pb_section fb_built=\u00bb1&#8243; _builder_version=\u00bb4.24.2&#8243; _module_preset=\u00bbdefault\u00bb background_color=\u00bb#576fa8&#8243; custom_margin=\u00bb|4%||4%|false|true\u00bb border_radii=\u00bboff|12px|12px||\u00bb global_colors_info=\u00bb{}\u00bb][et_pb_row column_structure=\u00bb1_3,1_3,1_3&#8243; use_custom_gutter=\u00bbon\u00bb gutter_width=\u00bb1&#8243; _builder_version=\u00bb4.24.2&#8243; _module_preset=\u00bbdefault\u00bb hover_enabled=\u00bb0&#8243; global_colors_info=\u00bb{}\u00bb max_width=\u00bb100%\u00bb sticky_enabled=\u00bb0&#8243; make_equal=\u00bbon\u00bb][et_pb_column type=\u00bb1_3&#8243; _builder_version=\u00bb4.24.2&#8243; _module_preset=\u00bbdefault\u00bb custom_padding=\u00bb|3%||3%|false|true\u00bb custom_padding_tablet=\u00bb|3%||3%|false|true\u00bb custom_padding_phone=\u00bb||15px||false|true\u00bb custom_padding_last_edited=\u00bbon|phone\u00bb border_width_right=\u00bb1px\u00bb border_color_right=\u00bb#FFFFFF\u00bb border_color_bottom=\u00bb#FFFFFF\u00bb border_width_right_tablet=\u00bb1px\u00bb border_width_right_phone=\u00bb0px\u00bb border_width_right_last_edited=\u00bbon|phone\u00bb border_width_bottom_tablet=\u00bb\u00bb border_width_bottom_phone=\u00bb1px\u00bb border_width_bottom_last_edited=\u00bbon|phone\u00bb global_colors_info=\u00bb{}\u00bb][et_pb_blurb title=\u00bbMisi\u00f3n\u00bb use_icon=\u00bbon\u00bb font_icon=\u00bb&#xe038;||divi||400&#8243; icon_color=\u00bb#FFFFFF\u00bb image_icon_width=\u00bb53px\u00bb icon_alignment=\u00bbleft\u00bb _builder_version=\u00bb4.24.2&#8243; _module_preset=\u00bbdefault\u00bb header_font=\u00bbCaveat||||||||\u00bb header_text_color=\u00bb#06b0ee\u00bb header_font_size=\u00bb30px\u00bb body_font=\u00bbRoboto|300|||||||\u00bb body_text_align=\u00bbjustify\u00bb body_text_color=\u00bb#FFFFFF\u00bb global_colors_info=\u00bb{}\u00bb]<\/p>\n<p><span>Limp Facility Services S.A. es una empresa de servicios complementarios y de alto aporte social, caracterizados por un eficiente uso de medios humanos y tecnol\u00f3gicos. Su Misi\u00f3n como empresa es la de prestar soluciones de servicios de gran calidad a nuestros Clientes, logrando su pleno desarrollo y contribuyendo a mejorar su valor.<\/span><\/p>\n<p>[\/et_pb_blurb][\/et_pb_column][et_pb_column type=\u00bb1_3&#8243; _builder_version=\u00bb4.24.2&#8243; _module_preset=\u00bbdefault\u00bb custom_padding=\u00bb|3%||3%|false|true\u00bb custom_padding_tablet=\u00bb|3%||3%|false|true\u00bb custom_padding_phone=\u00bb||15px||false|true\u00bb custom_padding_last_edited=\u00bbon|phone\u00bb global_colors_info=\u00bb{}\u00bb border_width_right=\u00bb1px\u00bb border_width_right_tablet=\u00bb1px\u00bb border_width_right_phone=\u00bb0px\u00bb border_width_right_last_edited=\u00bbon|phone\u00bb border_color_right=\u00bb#FFFFFF\u00bb border_color_bottom=\u00bb#FFFFFF\u00bb][et_pb_blurb title=\u00bbVisi\u00f3n\u00bb use_icon=\u00bbon\u00bb font_icon=\u00bb&#xf06e;||fa||900&#8243; icon_color=\u00bb#FFFFFF\u00bb image_icon_width=\u00bb53px\u00bb icon_alignment=\u00bbleft\u00bb _builder_version=\u00bb4.24.2&#8243; _module_preset=\u00bbdefault\u00bb header_font=\u00bbCaveat||||||||\u00bb header_text_color=\u00bb#06b0ee\u00bb header_font_size=\u00bb30px\u00bb body_font=\u00bbRoboto|300|||||||\u00bb body_text_align=\u00bbjustify\u00bb body_text_color=\u00bb#FFFFFF\u00bb global_colors_info=\u00bb{}\u00bb]<\/p>\n<p><span>Limp Facility Services S.A. comparte la visi\u00f3n de ser una empresa de futuro rentable, de referencia en el sector servicios, valorado por su entorno social, fijando objetivos de crecimiento permanentes y s\u00f3lidos, innovando permanentemente y vigilando las pr\u00e1cticas m\u00e1s \u00e9ticas en todas sus actuaciones.<\/span><\/p>\n<p>[\/et_pb_blurb][\/et_pb_column][et_pb_column type=\u00bb1_3&#8243; _builder_version=\u00bb4.24.2&#8243; _module_preset=\u00bbdefault\u00bb custom_padding=\u00bb|3%||3%|false|true\u00bb custom_padding_tablet=\u00bb|3%||3%|false|true\u00bb custom_padding_phone=\u00bb34px||||false|true\u00bb custom_padding_last_edited=\u00bbon|phone\u00bb global_colors_info=\u00bb{}\u00bb][et_pb_blurb title=\u00bbValores\u00bb use_icon=\u00bbon\u00bb font_icon=\u00bb&#xf085;||fa||900&#8243; icon_color=\u00bb#FFFFFF\u00bb image_icon_width=\u00bb53px\u00bb icon_alignment=\u00bbleft\u00bb _builder_version=\u00bb4.24.2&#8243; _module_preset=\u00bbdefault\u00bb header_font=\u00bbCaveat||||||||\u00bb header_text_color=\u00bb#06b0ee\u00bb header_font_size=\u00bb30px\u00bb body_font=\u00bbRoboto|300|||||||\u00bb body_text_align=\u00bbjustify\u00bb body_text_color=\u00bb#FFFFFF\u00bb hover_enabled=\u00bb0&#8243; global_colors_info=\u00bb{}\u00bb sticky_enabled=\u00bb0&#8243;]<\/p>\n<p><strong>Orientaci\u00f3n a nuestros clientes<\/strong><br \/>El cliente es el centro de lo que hacemos y toda la organizaci\u00f3n est\u00e1 enfocada a conseguir su satisfacci\u00f3n y ayudarle en sus metas.<br \/><strong>Integridad y honestidad<\/strong><br \/>Cumplimos nuestros objetivos con el m\u00e1ximo de \u00e9tica, siendo claros, trasparentes y muy confiables, cumplimos con todos los \u00e1mbitos de la organizaci\u00f3n a lo que nos comprometemos.<br \/><strong>Responsabilidad social<\/strong><br \/>Contribuimos activa y voluntariamente al mejoramiento social, econ\u00f3mico y ambiental con el objetivo de mejorar la situaci\u00f3n competitiva y su valor a\u00f1adido, de nuestra organizaci\u00f3n a la sociedad.<br \/><strong>Crecimiento con rentabilidad<\/strong><br \/>Crecemos con rentabilidad, para financiar nuevos proyectos, de una manera sostenida y apoyando los pilares fundamentales de la organizaci\u00f3n.<\/p>\n<p>[\/et_pb_blurb][\/et_pb_column][\/et_pb_row][\/et_pb_section]<\/p>\n","protected":false},"excerpt":{"rendered":"<p>Limp Facility Services S.A.Qui\u00e9nes somosEstamos conectados con la excelenciaLimp S.A. nace en octubre de 2015, formado por un grupo extenso de profesionales en todas las \u00e1reas de prestaci\u00f3n de servicios, fundamentalmente del \u00e1rea de Aseo Industrial, profesionales que tienen una trayectoria exitosa a lo largo de los a\u00f1os, pero que han optado por desarrollar un [&hellip;]<\/p>\n","protected":false},"author":1,"featured_media":0,"parent":0,"menu_order":0,"comment_status":"closed","ping_status":"closed","template":"","meta":{"_et_pb_use_builder":"on","_et_pb_old_content":"<!-- wp:divi\/placeholder \/-->","_et_gb_content_width":"","footnotes":""},"class_list":["post-13","page","type-page","status-publish","hentry"],"yoast_head":"<!-- This site is optimized with the Yoast SEO plugin v27.4 - https:\/\/yoast.com\/product\/yoast-seo-wordpress\/ -->\n<title>Aseo industrial - LIMP Facility Services<\/title>\n<meta name=\"description\" content=\"LIMP Facility Services prestaci\u00f3n de servicios, fundamentalmente del \u00e1rea de Aseo Industrial, empresa innovadora con oferta de multiservicios de limpieza\" \/>\n<meta name=\"robots\" content=\"index, follow, max-snippet:-1, max-image-preview:large, max-video-preview:-1\" \/>\n<link rel=\"canonical\" href=\"https:\/\/www.limp.cl\/index.php\/quienes-somos\/\" \/>\n<meta property=\"og:locale\" content=\"es_ES\" \/>\n<meta property=\"og:type\" content=\"article\" \/>\n<meta property=\"og:title\" content=\"Aseo industrial - LIMP Facility Services\" \/>\n<meta property=\"og:description\" content=\"LIMP Facility Services prestaci\u00f3n de servicios, fundamentalmente del \u00e1rea de Aseo Industrial, empresa innovadora con oferta de multiservicios de limpieza\" \/>\n<meta property=\"og:url\" content=\"https:\/\/www.limp.cl\/index.php\/quienes-somos\/\" \/>\n<meta property=\"og:site_name\" content=\"limp.cl\" \/>\n<meta property=\"article:modified_time\" content=\"2024-08-26T20:29:52+00:00\" \/>\n<meta name=\"twitter:card\" content=\"summary_large_image\" \/>\n<meta name=\"twitter:label1\" content=\"Tiempo de lectura\" \/>\n\t<meta name=\"twitter:data1\" content=\"3 minutos\" \/>\n<script type=\"application\/ld+json\" class=\"yoast-schema-graph\">{\"@context\":\"https:\\\/\\\/schema.org\",\"@graph\":[{\"@type\":\"WebPage\",\"@id\":\"https:\\\/\\\/www.limp.cl\\\/index.php\\\/quienes-somos\\\/\",\"url\":\"https:\\\/\\\/www.limp.cl\\\/index.php\\\/quienes-somos\\\/\",\"name\":\"Aseo industrial - LIMP Facility Services\",\"isPartOf\":{\"@id\":\"https:\\\/\\\/www.limp.cl\\\/#website\"},\"datePublished\":\"2024-07-29T14:36:56+00:00\",\"dateModified\":\"2024-08-26T20:29:52+00:00\",\"description\":\"LIMP Facility Services prestaci\u00f3n de servicios, fundamentalmente del \u00e1rea de Aseo Industrial, empresa innovadora con oferta de multiservicios de limpieza\",\"breadcrumb\":{\"@id\":\"https:\\\/\\\/www.limp.cl\\\/index.php\\\/quienes-somos\\\/#breadcrumb\"},\"inLanguage\":\"es\",\"potentialAction\":[{\"@type\":\"ReadAction\",\"target\":[\"https:\\\/\\\/www.limp.cl\\\/index.php\\\/quienes-somos\\\/\"]}]},{\"@type\":\"BreadcrumbList\",\"@id\":\"https:\\\/\\\/www.limp.cl\\\/index.php\\\/quienes-somos\\\/#breadcrumb\",\"itemListElement\":[{\"@type\":\"ListItem\",\"position\":1,\"name\":\"Portada\",\"item\":\"https:\\\/\\\/www.limp.cl\\\/\"},{\"@type\":\"ListItem\",\"position\":2,\"name\":\"Qui\u00e9nes somos\"}]},{\"@type\":\"WebSite\",\"@id\":\"https:\\\/\\\/www.limp.cl\\\/#website\",\"url\":\"https:\\\/\\\/www.limp.cl\\\/\",\"name\":\"limp.cl\",\"description\":\"\",\"potentialAction\":[{\"@type\":\"SearchAction\",\"target\":{\"@type\":\"EntryPoint\",\"urlTemplate\":\"https:\\\/\\\/www.limp.cl\\\/?s={search_term_string}\"},\"query-input\":{\"@type\":\"PropertyValueSpecification\",\"valueRequired\":true,\"valueName\":\"search_term_string\"}}],\"inLanguage\":\"es\"}]}<\/script>\n<!-- \/ Yoast SEO plugin. -->","yoast_head_json":{"title":"Aseo industrial - LIMP Facility Services","description":"LIMP Facility Services prestaci\u00f3n de servicios, fundamentalmente del \u00e1rea de Aseo Industrial, empresa innovadora con oferta de multiservicios de limpieza","robots":{"index":"index","follow":"follow","max-snippet":"max-snippet:-1","max-image-preview":"max-image-preview:large","max-video-preview":"max-video-preview:-1"},"canonical":"https:\/\/www.limp.cl\/index.php\/quienes-somos\/","og_locale":"es_ES","og_type":"article","og_title":"Aseo industrial - LIMP Facility Services","og_description":"LIMP Facility Services prestaci\u00f3n de servicios, fundamentalmente del \u00e1rea de Aseo Industrial, empresa innovadora con oferta de multiservicios de limpieza","og_url":"https:\/\/www.limp.cl\/index.php\/quienes-somos\/","og_site_name":"limp.cl","article_modified_time":"2024-08-26T20:29:52+00:00","twitter_card":"summary_large_image","twitter_misc":{"Tiempo de lectura":"3 minutos"},"schema":{"@context":"https:\/\/schema.org","@graph":[{"@type":"WebPage","@id":"https:\/\/www.limp.cl\/index.php\/quienes-somos\/","url":"https:\/\/www.limp.cl\/index.php\/quienes-somos\/","name":"Aseo industrial - LIMP Facility Services","isPartOf":{"@id":"https:\/\/www.limp.cl\/#website"},"datePublished":"2024-07-29T14:36:56+00:00","dateModified":"2024-08-26T20:29:52+00:00","description":"LIMP Facility Services prestaci\u00f3n de servicios, fundamentalmente del \u00e1rea de Aseo Industrial, empresa innovadora con oferta de multiservicios de limpieza","breadcrumb":{"@id":"https:\/\/www.limp.cl\/index.php\/quienes-somos\/#breadcrumb"},"inLanguage":"es","potentialAction":[{"@type":"ReadAction","target":["https:\/\/www.limp.cl\/index.php\/quienes-somos\/"]}]},{"@type":"BreadcrumbList","@id":"https:\/\/www.limp.cl\/index.php\/quienes-somos\/#breadcrumb","itemListElement":[{"@type":"ListItem","position":1,"name":"Portada","item":"https:\/\/www.limp.cl\/"},{"@type":"ListItem","position":2,"name":"Qui\u00e9nes somos"}]},{"@type":"WebSite","@id":"https:\/\/www.limp.cl\/#website","url":"https:\/\/www.limp.cl\/","name":"limp.cl","description":"","potentialAction":[{"@type":"SearchAction","target":{"@type":"EntryPoint","urlTemplate":"https:\/\/www.limp.cl\/?s={search_term_string}"},"query-input":{"@type":"PropertyValueSpecification","valueRequired":true,"valueName":"search_term_string"}}],"inLanguage":"es"}]}},"_links":{"self":[{"href":"https:\/\/www.limp.cl\/index.php\/wp-json\/wp\/v2\/pages\/13","targetHints":{"allow":["GET"]}}],"collection":[{"href":"https:\/\/www.limp.cl\/index.php\/wp-json\/wp\/v2\/pages"}],"about":[{"href":"https:\/\/www.limp.cl\/index.php\/wp-json\/wp\/v2\/types\/page"}],"author":[{"embeddable":true,"href":"https:\/\/www.limp.cl\/index.php\/wp-json\/wp\/v2\/users\/1"}],"replies":[{"embeddable":true,"href":"https:\/\/www.limp.cl\/index.php\/wp-json\/wp\/v2\/comments?post=13"}],"version-history":[{"count":16,"href":"https:\/\/www.limp.cl\/index.php\/wp-json\/wp\/v2\/pages\/13\/revisions"}],"predecessor-version":[{"id":286,"href":"https:\/\/www.limp.cl\/index.php\/wp-json\/wp\/v2\/pages\/13\/revisions\/286"}],"wp:attachment":[{"href":"https:\/\/www.limp.cl\/index.php\/wp-json\/wp\/v2\/media?parent=13"}],"curies":[{"name":"wp","href":"https:\/\/api.w.org\/{rel}","templated":true}]}}